{"id":855,"date":"2020-05-18T19:19:23","date_gmt":"2020-05-18T17:19:23","guid":{"rendered":"https:\/\/www.lemoulinafromages.fr\/index.php\/produit\/yaourts-nature\/"},"modified":"2020-06-29T15:42:19","modified_gmt":"2020-06-29T13:42:19","slug":"yaourts-nature","status":"publish","type":"product","link":"https:\/\/www.lemoulinafromages.fr\/index.php\/produit\/yaourts-nature\/","title":{"rendered":"YAOURTS  NATURE"},"content":{"rendered":"","protected":false},"excerpt":{"rendered":"<p>Fabrication fermi\u00e8re, par 4, bio, sans ar\u00f4me et sans conservateur<\/p>\n","protected":false},"featured_media":1172,"template":"","meta":[],"product_brand":[],"product_cat":[193],"product_tag":[128,144],"class_list":{"0":"post-855","1":"product","2":"type-product","3":"status-publish","4":"has-post-thumbnail","6":"product_cat-yaourts-et-fromages-blancs","7":"product_tag-lait-de-vache","8":"product_tag-origine-lot-et-garonne","10":"first","11":"instock","12":"taxable","13":"shipping-taxable","14":"purchasable","15":"product-type-simple","16":"customify-col"},"yoast_head":"<!-- This site is optimized with the Yoast SEO plugin v25.6 - https:\/\/yoast.com\/wordpress\/plugins\/seo\/ -->\n<title>YAOURTS NATURE - Le Moulin \u00e0 Fromages vous souhaite la Bienvenue<\/title>\n<meta name=\"robots\" content=\"index, follow, max-snippet:-1, max-image-preview:large, max-video-preview:-1\" \/>\n<link rel=\"canonical\" href=\"https:\/\/www.lemoulinafromages.fr\/index.php\/produit\/yaourts-nature\/\" \/>\n<meta property=\"og:locale\" content=\"fr_FR\" \/>\n<meta property=\"og:type\" content=\"article\" \/>\n<meta property=\"og:title\" content=\"YAOURTS NATURE - Le Moulin \u00e0 Fromages vous souhaite la Bienvenue\" \/>\n<meta property=\"og:description\" content=\"Fabrication fermi\u00e8re, par 4, bio, sans ar\u00f4me et sans conservateur\" \/>\n<meta property=\"og:url\" content=\"https:\/\/www.lemoulinafromages.fr\/index.php\/produit\/yaourts-nature\/\" \/>\n<meta property=\"og:site_name\" content=\"Le Moulin \u00e0 Fromages vous souhaite la Bienvenue\" \/>\n<meta property=\"article:modified_time\" content=\"2020-06-29T13:42:19+00:00\" \/>\n<meta property=\"og:image\" content=\"https:\/\/www.lemoulinafromages.fr\/wp-content\/uploads\/2020\/05\/IMG_1390-rotated.jpg\" \/>\n\t<meta property=\"og:image:width\" content=\"240\" \/>\n\t<meta property=\"og:image:height\" content=\"320\" \/>\n\t<meta property=\"og:image:type\" content=\"image\/jpeg\" \/>\n<meta name=\"twitter:card\" content=\"summary_large_image\" \/>\n<script type=\"application\/ld+json\" class=\"yoast-schema-graph\">{\"@context\":\"https:\/\/schema.org\",\"@graph\":[{\"@type\":\"WebPage\",\"@id\":\"https:\/\/www.lemoulinafromages.fr\/index.php\/produit\/yaourts-nature\/\",\"url\":\"https:\/\/www.lemoulinafromages.fr\/index.php\/produit\/yaourts-nature\/\",\"name\":\"YAOURTS NATURE - Le Moulin \u00e0 Fromages vous souhaite la Bienvenue\",\"isPartOf\":{\"@id\":\"https:\/\/www.lemoulinafromages.fr\/#website\"},\"primaryImageOfPage\":{\"@id\":\"https:\/\/www.lemoulinafromages.fr\/index.php\/produit\/yaourts-nature\/#primaryimage\"},\"image\":{\"@id\":\"https:\/\/www.lemoulinafromages.fr\/index.php\/produit\/yaourts-nature\/#primaryimage\"},\"thumbnailUrl\":\"https:\/\/www.lemoulinafromages.fr\/wp-content\/uploads\/2020\/05\/IMG_1390-rotated.jpg\",\"datePublished\":\"2020-05-18T17:19:23+00:00\",\"dateModified\":\"2020-06-29T13:42:19+00:00\",\"breadcrumb\":{\"@id\":\"https:\/\/www.lemoulinafromages.fr\/index.php\/produit\/yaourts-nature\/#breadcrumb\"},\"inLanguage\":\"fr-FR\",\"potentialAction\":[{\"@type\":\"ReadAction\",\"target\":[\"https:\/\/www.lemoulinafromages.fr\/index.php\/produit\/yaourts-nature\/\"]}]},{\"@type\":\"ImageObject\",\"inLanguage\":\"fr-FR\",\"@id\":\"https:\/\/www.lemoulinafromages.fr\/index.php\/produit\/yaourts-nature\/#primaryimage\",\"url\":\"https:\/\/www.lemoulinafromages.fr\/wp-content\/uploads\/2020\/05\/IMG_1390-rotated.jpg\",\"contentUrl\":\"https:\/\/www.lemoulinafromages.fr\/wp-content\/uploads\/2020\/05\/IMG_1390-rotated.jpg\",\"width\":240,\"height\":320},{\"@type\":\"BreadcrumbList\",\"@id\":\"https:\/\/www.lemoulinafromages.fr\/index.php\/produit\/yaourts-nature\/#breadcrumb\",\"itemListElement\":[{\"@type\":\"ListItem\",\"position\":1,\"name\":\"Accueil\",\"item\":\"https:\/\/www.lemoulinafromages.fr\/\"},{\"@type\":\"ListItem\",\"position\":2,\"name\":\"Commande en ligne\",\"item\":\"https:\/\/www.lemoulinafromages.fr\/index.php\/boutique\/\"},{\"@type\":\"ListItem\",\"position\":3,\"name\":\"Cr\u00e8merie\",\"item\":\"https:\/\/www.lemoulinafromages.fr\/index.php\/categorie-produit\/cremerie\/\"},{\"@type\":\"ListItem\",\"position\":4,\"name\":\"Yaourts et Fromages blancs\",\"item\":\"https:\/\/www.lemoulinafromages.fr\/index.php\/categorie-produit\/cremerie\/yaourts-et-fromages-blancs\/\"},{\"@type\":\"ListItem\",\"position\":5,\"name\":\"YAOURTS NATURE\"}]},{\"@type\":\"WebSite\",\"@id\":\"https:\/\/www.lemoulinafromages.fr\/#website\",\"url\":\"https:\/\/www.lemoulinafromages.fr\/\",\"name\":\"Le Moulin \u00e0 Fromages vous souhaite la Bienvenue\",\"description\":\"\",\"publisher\":{\"@id\":\"https:\/\/www.lemoulinafromages.fr\/#organization\"},\"potentialAction\":[{\"@type\":\"SearchAction\",\"target\":{\"@type\":\"EntryPoint\",\"urlTemplate\":\"https:\/\/www.lemoulinafromages.fr\/?s={search_term_string}\"},\"query-input\":{\"@type\":\"PropertyValueSpecification\",\"valueRequired\":true,\"valueName\":\"search_term_string\"}}],\"inLanguage\":\"fr-FR\"},{\"@type\":\"Organization\",\"@id\":\"https:\/\/www.lemoulinafromages.fr\/#organization\",\"name\":\"Le Moulin \u00e0 Fromages vous souhaite la Bienvenue\",\"url\":\"https:\/\/www.lemoulinafromages.fr\/\",\"logo\":{\"@type\":\"ImageObject\",\"inLanguage\":\"fr-FR\",\"@id\":\"https:\/\/www.lemoulinafromages.fr\/#\/schema\/logo\/image\/\",\"url\":\"https:\/\/www.lemoulinafromages.fr\/wp-content\/uploads\/2020\/05\/logo_rond.png\",\"contentUrl\":\"https:\/\/www.lemoulinafromages.fr\/wp-content\/uploads\/2020\/05\/logo_rond.png\",\"width\":630,\"height\":515,\"caption\":\"Le Moulin \u00e0 Fromages vous souhaite la Bienvenue\"},\"image\":{\"@id\":\"https:\/\/www.lemoulinafromages.fr\/#\/schema\/logo\/image\/\"}}]}<\/script>\n<!-- \/ Yoast SEO plugin. -->","yoast_head_json":{"title":"YAOURTS NATURE - Le Moulin \u00e0 Fromages vous souhaite la Bienvenue","robots":{"index":"index","follow":"follow","max-snippet":"max-snippet:-1","max-image-preview":"max-image-preview:large","max-video-preview":"max-video-preview:-1"},"canonical":"https:\/\/www.lemoulinafromages.fr\/index.php\/produit\/yaourts-nature\/","og_locale":"fr_FR","og_type":"article","og_title":"YAOURTS NATURE - Le Moulin \u00e0 Fromages vous souhaite la Bienvenue","og_description":"Fabrication fermi\u00e8re, par 4, bio, sans ar\u00f4me et sans conservateur","og_url":"https:\/\/www.lemoulinafromages.fr\/index.php\/produit\/yaourts-nature\/","og_site_name":"Le Moulin \u00e0 Fromages vous souhaite la Bienvenue","article_modified_time":"2020-06-29T13:42:19+00:00","og_image":[{"width":240,"height":320,"url":"https:\/\/www.lemoulinafromages.fr\/wp-content\/uploads\/2020\/05\/IMG_1390-rotated.jpg","type":"image\/jpeg"}],"twitter_card":"summary_large_image","schema":{"@context":"https:\/\/schema.org","@graph":[{"@type":"WebPage","@id":"https:\/\/www.lemoulinafromages.fr\/index.php\/produit\/yaourts-nature\/","url":"https:\/\/www.lemoulinafromages.fr\/index.php\/produit\/yaourts-nature\/","name":"YAOURTS NATURE - Le Moulin \u00e0 Fromages vous souhaite la Bienvenue","isPartOf":{"@id":"https:\/\/www.lemoulinafromages.fr\/#website"},"primaryImageOfPage":{"@id":"https:\/\/www.lemoulinafromages.fr\/index.php\/produit\/yaourts-nature\/#primaryimage"},"image":{"@id":"https:\/\/www.lemoulinafromages.fr\/index.php\/produit\/yaourts-nature\/#primaryimage"},"thumbnailUrl":"https:\/\/www.lemoulinafromages.fr\/wp-content\/uploads\/2020\/05\/IMG_1390-rotated.jpg","datePublished":"2020-05-18T17:19:23+00:00","dateModified":"2020-06-29T13:42:19+00:00","breadcrumb":{"@id":"https:\/\/www.lemoulinafromages.fr\/index.php\/produit\/yaourts-nature\/#breadcrumb"},"inLanguage":"fr-FR","potentialAction":[{"@type":"ReadAction","target":["https:\/\/www.lemoulinafromages.fr\/index.php\/produit\/yaourts-nature\/"]}]},{"@type":"ImageObject","inLanguage":"fr-FR","@id":"https:\/\/www.lemoulinafromages.fr\/index.php\/produit\/yaourts-nature\/#primaryimage","url":"https:\/\/www.lemoulinafromages.fr\/wp-content\/uploads\/2020\/05\/IMG_1390-rotated.jpg","contentUrl":"https:\/\/www.lemoulinafromages.fr\/wp-content\/uploads\/2020\/05\/IMG_1390-rotated.jpg","width":240,"height":320},{"@type":"BreadcrumbList","@id":"https:\/\/www.lemoulinafromages.fr\/index.php\/produit\/yaourts-nature\/#breadcrumb","itemListElement":[{"@type":"ListItem","position":1,"name":"Accueil","item":"https:\/\/www.lemoulinafromages.fr\/"},{"@type":"ListItem","position":2,"name":"Commande en ligne","item":"https:\/\/www.lemoulinafromages.fr\/index.php\/boutique\/"},{"@type":"ListItem","position":3,"name":"Cr\u00e8merie","item":"https:\/\/www.lemoulinafromages.fr\/index.php\/categorie-produit\/cremerie\/"},{"@type":"ListItem","position":4,"name":"Yaourts et Fromages blancs","item":"https:\/\/www.lemoulinafromages.fr\/index.php\/categorie-produit\/cremerie\/yaourts-et-fromages-blancs\/"},{"@type":"ListItem","position":5,"name":"YAOURTS NATURE"}]},{"@type":"WebSite","@id":"https:\/\/www.lemoulinafromages.fr\/#website","url":"https:\/\/www.lemoulinafromages.fr\/","name":"Le Moulin \u00e0 Fromages vous souhaite la Bienvenue","description":"","publisher":{"@id":"https:\/\/www.lemoulinafromages.fr\/#organization"},"potentialAction":[{"@type":"SearchAction","target":{"@type":"EntryPoint","urlTemplate":"https:\/\/www.lemoulinafromages.fr\/?s={search_term_string}"},"query-input":{"@type":"PropertyValueSpecification","valueRequired":true,"valueName":"search_term_string"}}],"inLanguage":"fr-FR"},{"@type":"Organization","@id":"https:\/\/www.lemoulinafromages.fr\/#organization","name":"Le Moulin \u00e0 Fromages vous souhaite la Bienvenue","url":"https:\/\/www.lemoulinafromages.fr\/","logo":{"@type":"ImageObject","inLanguage":"fr-FR","@id":"https:\/\/www.lemoulinafromages.fr\/#\/schema\/logo\/image\/","url":"https:\/\/www.lemoulinafromages.fr\/wp-content\/uploads\/2020\/05\/logo_rond.png","contentUrl":"https:\/\/www.lemoulinafromages.fr\/wp-content\/uploads\/2020\/05\/logo_rond.png","width":630,"height":515,"caption":"Le Moulin \u00e0 Fromages vous souhaite la Bienvenue"},"image":{"@id":"https:\/\/www.lemoulinafromages.fr\/#\/schema\/logo\/image\/"}}]}},"jetpack_sharing_enabled":true,"_links":{"self":[{"href":"https:\/\/www.lemoulinafromages.fr\/index.php\/wp-json\/wp\/v2\/product\/855","targetHints":{"allow":["GET"]}}],"collection":[{"href":"https:\/\/www.lemoulinafromages.fr\/index.php\/wp-json\/wp\/v2\/product"}],"about":[{"href":"https:\/\/www.lemoulinafromages.fr\/index.php\/wp-json\/wp\/v2\/types\/product"}],"wp:featuredmedia":[{"embeddable":true,"href":"https:\/\/www.lemoulinafromages.fr\/index.php\/wp-json\/wp\/v2\/media\/1172"}],"wp:attachment":[{"href":"https:\/\/www.lemoulinafromages.fr\/index.php\/wp-json\/wp\/v2\/media?parent=855"}],"wp:term":[{"taxonomy":"product_brand","embeddable":true,"href":"https:\/\/www.lemoulinafromages.fr\/index.php\/wp-json\/wp\/v2\/product_brand?post=855"},{"taxonomy":"product_cat","embeddable":true,"href":"https:\/\/www.lemoulinafromages.fr\/index.php\/wp-json\/wp\/v2\/product_cat?post=855"},{"taxonomy":"product_tag","embeddable":true,"href":"https:\/\/www.lemoulinafromages.fr\/index.php\/wp-json\/wp\/v2\/product_tag?post=855"}],"curies":[{"name":"wp","href":"https:\/\/api.w.org\/{rel}","templated":true}]}}