{"id":816,"date":"2020-05-18T19:19:05","date_gmt":"2020-05-18T17:19:05","guid":{"rendered":"https:\/\/www.lemoulinafromages.fr\/index.php\/produit\/pot-truffonade\/"},"modified":"2020-06-03T12:26:46","modified_gmt":"2020-06-03T10:26:46","slug":"pot-truffonade","status":"publish","type":"product","link":"https:\/\/www.lemoulinafromages.fr\/index.php\/produit\/pot-truffonade\/","title":{"rendered":"POT TRUFFONADE"},"content":{"rendered":"","protected":false},"excerpt":{"rendered":"<p>M\u00e9lange de truffes blanches d \u00e9t\u00e9 et de champignons 90 g<\/p>\n","protected":false},"featured_media":0,"template":"","meta":[],"product_brand":[],"product_cat":[59],"product_tag":[],"class_list":{"0":"post-816","1":"product","2":"type-product","3":"status-publish","5":"product_cat-epicerie","7":"first","8":"instock","9":"taxable","10":"shipping-taxable","11":"purchasable","12":"product-type-simple","13":"customify-col"},"yoast_head":"<!-- This site is optimized with the Yoast SEO plugin v25.6 - https:\/\/yoast.com\/wordpress\/plugins\/seo\/ -->\n<title>POT TRUFFONADE - Le Moulin \u00e0 Fromages vous souhaite la Bienvenue<\/title>\n<meta name=\"robots\" content=\"index, follow, max-snippet:-1, max-image-preview:large, max-video-preview:-1\" \/>\n<link rel=\"canonical\" href=\"https:\/\/www.lemoulinafromages.fr\/index.php\/produit\/pot-truffonade\/\" \/>\n<meta property=\"og:locale\" content=\"fr_FR\" \/>\n<meta property=\"og:type\" content=\"article\" \/>\n<meta property=\"og:title\" content=\"POT TRUFFONADE - Le Moulin \u00e0 Fromages vous souhaite la Bienvenue\" \/>\n<meta property=\"og:description\" content=\"M\u00e9lange de truffes blanches d \u00e9t\u00e9 et de champignons 90 g\" \/>\n<meta property=\"og:url\" content=\"https:\/\/www.lemoulinafromages.fr\/index.php\/produit\/pot-truffonade\/\" \/>\n<meta property=\"og:site_name\" content=\"Le Moulin \u00e0 Fromages vous souhaite la Bienvenue\" \/>\n<meta property=\"article:modified_time\" content=\"2020-06-03T10:26:46+00:00\" \/>\n<meta name=\"twitter:card\" content=\"summary_large_image\" \/>\n<script type=\"application\/ld+json\" class=\"yoast-schema-graph\">{\"@context\":\"https:\/\/schema.org\",\"@graph\":[{\"@type\":\"WebPage\",\"@id\":\"https:\/\/www.lemoulinafromages.fr\/index.php\/produit\/pot-truffonade\/\",\"url\":\"https:\/\/www.lemoulinafromages.fr\/index.php\/produit\/pot-truffonade\/\",\"name\":\"POT TRUFFONADE - Le Moulin \u00e0 Fromages vous souhaite la Bienvenue\",\"isPartOf\":{\"@id\":\"https:\/\/www.lemoulinafromages.fr\/#website\"},\"datePublished\":\"2020-05-18T17:19:05+00:00\",\"dateModified\":\"2020-06-03T10:26:46+00:00\",\"breadcrumb\":{\"@id\":\"https:\/\/www.lemoulinafromages.fr\/index.php\/produit\/pot-truffonade\/#breadcrumb\"},\"inLanguage\":\"fr-FR\",\"potentialAction\":[{\"@type\":\"ReadAction\",\"target\":[\"https:\/\/www.lemoulinafromages.fr\/index.php\/produit\/pot-truffonade\/\"]}]},{\"@type\":\"BreadcrumbList\",\"@id\":\"https:\/\/www.lemoulinafromages.fr\/index.php\/produit\/pot-truffonade\/#breadcrumb\",\"itemListElement\":[{\"@type\":\"ListItem\",\"position\":1,\"name\":\"Accueil\",\"item\":\"https:\/\/www.lemoulinafromages.fr\/\"},{\"@type\":\"ListItem\",\"position\":2,\"name\":\"Commande en ligne\",\"item\":\"https:\/\/www.lemoulinafromages.fr\/index.php\/boutique\/\"},{\"@type\":\"ListItem\",\"position\":3,\"name\":\"Epicerie\",\"item\":\"https:\/\/www.lemoulinafromages.fr\/index.php\/categorie-produit\/epicerie\/\"},{\"@type\":\"ListItem\",\"position\":4,\"name\":\"POT TRUFFONADE\"}]},{\"@type\":\"WebSite\",\"@id\":\"https:\/\/www.lemoulinafromages.fr\/#website\",\"url\":\"https:\/\/www.lemoulinafromages.fr\/\",\"name\":\"Le Moulin \u00e0 Fromages vous souhaite la Bienvenue\",\"description\":\"\",\"publisher\":{\"@id\":\"https:\/\/www.lemoulinafromages.fr\/#organization\"},\"potentialAction\":[{\"@type\":\"SearchAction\",\"target\":{\"@type\":\"EntryPoint\",\"urlTemplate\":\"https:\/\/www.lemoulinafromages.fr\/?s={search_term_string}\"},\"query-input\":{\"@type\":\"PropertyValueSpecification\",\"valueRequired\":true,\"valueName\":\"search_term_string\"}}],\"inLanguage\":\"fr-FR\"},{\"@type\":\"Organization\",\"@id\":\"https:\/\/www.lemoulinafromages.fr\/#organization\",\"name\":\"Le Moulin \u00e0 Fromages vous souhaite la Bienvenue\",\"url\":\"https:\/\/www.lemoulinafromages.fr\/\",\"logo\":{\"@type\":\"ImageObject\",\"inLanguage\":\"fr-FR\",\"@id\":\"https:\/\/www.lemoulinafromages.fr\/#\/schema\/logo\/image\/\",\"url\":\"https:\/\/www.lemoulinafromages.fr\/wp-content\/uploads\/2020\/05\/logo_rond.png\",\"contentUrl\":\"https:\/\/www.lemoulinafromages.fr\/wp-content\/uploads\/2020\/05\/logo_rond.png\",\"width\":630,\"height\":515,\"caption\":\"Le Moulin \u00e0 Fromages vous souhaite la Bienvenue\"},\"image\":{\"@id\":\"https:\/\/www.lemoulinafromages.fr\/#\/schema\/logo\/image\/\"}}]}<\/script>\n<!-- \/ Yoast SEO plugin. -->","yoast_head_json":{"title":"POT TRUFFONADE - Le Moulin \u00e0 Fromages vous souhaite la Bienvenue","robots":{"index":"index","follow":"follow","max-snippet":"max-snippet:-1","max-image-preview":"max-image-preview:large","max-video-preview":"max-video-preview:-1"},"canonical":"https:\/\/www.lemoulinafromages.fr\/index.php\/produit\/pot-truffonade\/","og_locale":"fr_FR","og_type":"article","og_title":"POT TRUFFONADE - Le Moulin \u00e0 Fromages vous souhaite la Bienvenue","og_description":"M\u00e9lange de truffes blanches d \u00e9t\u00e9 et de champignons 90 g","og_url":"https:\/\/www.lemoulinafromages.fr\/index.php\/produit\/pot-truffonade\/","og_site_name":"Le Moulin \u00e0 Fromages vous souhaite la Bienvenue","article_modified_time":"2020-06-03T10:26:46+00:00","twitter_card":"summary_large_image","schema":{"@context":"https:\/\/schema.org","@graph":[{"@type":"WebPage","@id":"https:\/\/www.lemoulinafromages.fr\/index.php\/produit\/pot-truffonade\/","url":"https:\/\/www.lemoulinafromages.fr\/index.php\/produit\/pot-truffonade\/","name":"POT TRUFFONADE - Le Moulin \u00e0 Fromages vous souhaite la Bienvenue","isPartOf":{"@id":"https:\/\/www.lemoulinafromages.fr\/#website"},"datePublished":"2020-05-18T17:19:05+00:00","dateModified":"2020-06-03T10:26:46+00:00","breadcrumb":{"@id":"https:\/\/www.lemoulinafromages.fr\/index.php\/produit\/pot-truffonade\/#breadcrumb"},"inLanguage":"fr-FR","potentialAction":[{"@type":"ReadAction","target":["https:\/\/www.lemoulinafromages.fr\/index.php\/produit\/pot-truffonade\/"]}]},{"@type":"BreadcrumbList","@id":"https:\/\/www.lemoulinafromages.fr\/index.php\/produit\/pot-truffonade\/#breadcrumb","itemListElement":[{"@type":"ListItem","position":1,"name":"Accueil","item":"https:\/\/www.lemoulinafromages.fr\/"},{"@type":"ListItem","position":2,"name":"Commande en ligne","item":"https:\/\/www.lemoulinafromages.fr\/index.php\/boutique\/"},{"@type":"ListItem","position":3,"name":"Epicerie","item":"https:\/\/www.lemoulinafromages.fr\/index.php\/categorie-produit\/epicerie\/"},{"@type":"ListItem","position":4,"name":"POT TRUFFONADE"}]},{"@type":"WebSite","@id":"https:\/\/www.lemoulinafromages.fr\/#website","url":"https:\/\/www.lemoulinafromages.fr\/","name":"Le Moulin \u00e0 Fromages vous souhaite la Bienvenue","description":"","publisher":{"@id":"https:\/\/www.lemoulinafromages.fr\/#organization"},"potentialAction":[{"@type":"SearchAction","target":{"@type":"EntryPoint","urlTemplate":"https:\/\/www.lemoulinafromages.fr\/?s={search_term_string}"},"query-input":{"@type":"PropertyValueSpecification","valueRequired":true,"valueName":"search_term_string"}}],"inLanguage":"fr-FR"},{"@type":"Organization","@id":"https:\/\/www.lemoulinafromages.fr\/#organization","name":"Le Moulin \u00e0 Fromages vous souhaite la Bienvenue","url":"https:\/\/www.lemoulinafromages.fr\/","logo":{"@type":"ImageObject","inLanguage":"fr-FR","@id":"https:\/\/www.lemoulinafromages.fr\/#\/schema\/logo\/image\/","url":"https:\/\/www.lemoulinafromages.fr\/wp-content\/uploads\/2020\/05\/logo_rond.png","contentUrl":"https:\/\/www.lemoulinafromages.fr\/wp-content\/uploads\/2020\/05\/logo_rond.png","width":630,"height":515,"caption":"Le Moulin \u00e0 Fromages vous souhaite la Bienvenue"},"image":{"@id":"https:\/\/www.lemoulinafromages.fr\/#\/schema\/logo\/image\/"}}]}},"jetpack_sharing_enabled":true,"_links":{"self":[{"href":"https:\/\/www.lemoulinafromages.fr\/index.php\/wp-json\/wp\/v2\/product\/816","targetHints":{"allow":["GET"]}}],"collection":[{"href":"https:\/\/www.lemoulinafromages.fr\/index.php\/wp-json\/wp\/v2\/product"}],"about":[{"href":"https:\/\/www.lemoulinafromages.fr\/index.php\/wp-json\/wp\/v2\/types\/product"}],"wp:attachment":[{"href":"https:\/\/www.lemoulinafromages.fr\/index.php\/wp-json\/wp\/v2\/media?parent=816"}],"wp:term":[{"taxonomy":"product_brand","embeddable":true,"href":"https:\/\/www.lemoulinafromages.fr\/index.php\/wp-json\/wp\/v2\/product_brand?post=816"},{"taxonomy":"product_cat","embeddable":true,"href":"https:\/\/www.lemoulinafromages.fr\/index.php\/wp-json\/wp\/v2\/product_cat?post=816"},{"taxonomy":"product_tag","embeddable":true,"href":"https:\/\/www.lemoulinafromages.fr\/index.php\/wp-json\/wp\/v2\/product_tag?post=816"}],"curies":[{"name":"wp","href":"https:\/\/api.w.org\/{rel}","templated":true}]}}