{"id":785,"date":"2020-05-18T19:18:59","date_gmt":"2020-05-18T17:18:59","guid":{"rendered":"https:\/\/www.lemoulinafromages.fr\/index.php\/produit\/moliterno-a-la-truffe\/"},"modified":"2020-06-11T15:39:37","modified_gmt":"2020-06-11T13:39:37","slug":"moliterno-a-la-truffe","status":"publish","type":"product","link":"https:\/\/www.lemoulinafromages.fr\/index.php\/produit\/moliterno-a-la-truffe\/","title":{"rendered":"MOLITERNO \u00e0 la truffe"},"content":{"rendered":"<p>bouche. Fromage pasteuris\u00e9<\/p>\n","protected":false},"excerpt":{"rendered":"<p>Fromage de brebis pecorino avec des \u00e9clats de truffes, saveur de truffes riche et longue en<\/p>\n","protected":false},"featured_media":919,"template":"","meta":[],"product_brand":[],"product_cat":[113],"product_tag":[138,154],"class_list":{"0":"post-785","1":"product","2":"type-product","3":"status-publish","4":"has-post-thumbnail","6":"product_cat-origine-italie-lait-de-brebis","7":"product_tag-lait-de-brebis","8":"product_tag-origine-italie","10":"first","11":"instock","12":"taxable","13":"shipping-taxable","14":"purchasable","15":"product-type-simple","16":"customify-col"},"yoast_head":"<!-- This site is optimized with the Yoast SEO plugin v25.6 - https:\/\/yoast.com\/wordpress\/plugins\/seo\/ -->\n<title>MOLITERNO \u00e0 la truffe - Le Moulin \u00e0 Fromages vous souhaite la Bienvenue<\/title>\n<meta name=\"robots\" content=\"index, follow, max-snippet:-1, max-image-preview:large, max-video-preview:-1\" \/>\n<link rel=\"canonical\" href=\"https:\/\/www.lemoulinafromages.fr\/index.php\/produit\/moliterno-a-la-truffe\/\" \/>\n<meta property=\"og:locale\" content=\"fr_FR\" \/>\n<meta property=\"og:type\" content=\"article\" \/>\n<meta property=\"og:title\" content=\"MOLITERNO \u00e0 la truffe - Le Moulin \u00e0 Fromages vous souhaite la Bienvenue\" \/>\n<meta property=\"og:description\" content=\"Fromage de brebis pecorino avec des \u00e9clats de truffes, saveur de truffes riche et longue en\" \/>\n<meta property=\"og:url\" content=\"https:\/\/www.lemoulinafromages.fr\/index.php\/produit\/moliterno-a-la-truffe\/\" \/>\n<meta property=\"og:site_name\" content=\"Le Moulin \u00e0 Fromages vous souhaite la Bienvenue\" \/>\n<meta property=\"article:modified_time\" content=\"2020-06-11T13:39:37+00:00\" \/>\n<meta property=\"og:image\" content=\"https:\/\/www.lemoulinafromages.fr\/wp-content\/uploads\/2020\/05\/OIPPKIWUP7I.jpg\" \/>\n\t<meta property=\"og:image:width\" content=\"226\" \/>\n\t<meta property=\"og:image:height\" content=\"220\" \/>\n\t<meta property=\"og:image:type\" content=\"image\/jpeg\" \/>\n<meta name=\"twitter:card\" content=\"summary_large_image\" \/>\n<script type=\"application\/ld+json\" class=\"yoast-schema-graph\">{\"@context\":\"https:\/\/schema.org\",\"@graph\":[{\"@type\":\"WebPage\",\"@id\":\"https:\/\/www.lemoulinafromages.fr\/index.php\/produit\/moliterno-a-la-truffe\/\",\"url\":\"https:\/\/www.lemoulinafromages.fr\/index.php\/produit\/moliterno-a-la-truffe\/\",\"name\":\"MOLITERNO \u00e0 la truffe - Le Moulin \u00e0 Fromages vous souhaite la Bienvenue\",\"isPartOf\":{\"@id\":\"https:\/\/www.lemoulinafromages.fr\/#website\"},\"primaryImageOfPage\":{\"@id\":\"https:\/\/www.lemoulinafromages.fr\/index.php\/produit\/moliterno-a-la-truffe\/#primaryimage\"},\"image\":{\"@id\":\"https:\/\/www.lemoulinafromages.fr\/index.php\/produit\/moliterno-a-la-truffe\/#primaryimage\"},\"thumbnailUrl\":\"https:\/\/www.lemoulinafromages.fr\/wp-content\/uploads\/2020\/05\/OIPPKIWUP7I.jpg\",\"datePublished\":\"2020-05-18T17:18:59+00:00\",\"dateModified\":\"2020-06-11T13:39:37+00:00\",\"breadcrumb\":{\"@id\":\"https:\/\/www.lemoulinafromages.fr\/index.php\/produit\/moliterno-a-la-truffe\/#breadcrumb\"},\"inLanguage\":\"fr-FR\",\"potentialAction\":[{\"@type\":\"ReadAction\",\"target\":[\"https:\/\/www.lemoulinafromages.fr\/index.php\/produit\/moliterno-a-la-truffe\/\"]}]},{\"@type\":\"ImageObject\",\"inLanguage\":\"fr-FR\",\"@id\":\"https:\/\/www.lemoulinafromages.fr\/index.php\/produit\/moliterno-a-la-truffe\/#primaryimage\",\"url\":\"https:\/\/www.lemoulinafromages.fr\/wp-content\/uploads\/2020\/05\/OIPPKIWUP7I.jpg\",\"contentUrl\":\"https:\/\/www.lemoulinafromages.fr\/wp-content\/uploads\/2020\/05\/OIPPKIWUP7I.jpg\",\"width\":226,\"height\":220},{\"@type\":\"BreadcrumbList\",\"@id\":\"https:\/\/www.lemoulinafromages.fr\/index.php\/produit\/moliterno-a-la-truffe\/#breadcrumb\",\"itemListElement\":[{\"@type\":\"ListItem\",\"position\":1,\"name\":\"Accueil\",\"item\":\"https:\/\/www.lemoulinafromages.fr\/\"},{\"@type\":\"ListItem\",\"position\":2,\"name\":\"Commande en ligne\",\"item\":\"https:\/\/www.lemoulinafromages.fr\/index.php\/boutique\/\"},{\"@type\":\"ListItem\",\"position\":3,\"name\":\"Fromages\",\"item\":\"https:\/\/www.lemoulinafromages.fr\/index.php\/categorie-produit\/fromages\/\"},{\"@type\":\"ListItem\",\"position\":4,\"name\":\"LAIT DE BREBIS\",\"item\":\"https:\/\/www.lemoulinafromages.fr\/index.php\/categorie-produit\/fromages\/lait-de-brebis\/\"},{\"@type\":\"ListItem\",\"position\":5,\"name\":\"ORIGINE ITALIE\",\"item\":\"https:\/\/www.lemoulinafromages.fr\/index.php\/categorie-produit\/fromages\/lait-de-brebis\/origine-italie-lait-de-brebis\/\"},{\"@type\":\"ListItem\",\"position\":6,\"name\":\"MOLITERNO \u00e0 la truffe\"}]},{\"@type\":\"WebSite\",\"@id\":\"https:\/\/www.lemoulinafromages.fr\/#website\",\"url\":\"https:\/\/www.lemoulinafromages.fr\/\",\"name\":\"Le Moulin \u00e0 Fromages vous souhaite la Bienvenue\",\"description\":\"\",\"publisher\":{\"@id\":\"https:\/\/www.lemoulinafromages.fr\/#organization\"},\"potentialAction\":[{\"@type\":\"SearchAction\",\"target\":{\"@type\":\"EntryPoint\",\"urlTemplate\":\"https:\/\/www.lemoulinafromages.fr\/?s={search_term_string}\"},\"query-input\":{\"@type\":\"PropertyValueSpecification\",\"valueRequired\":true,\"valueName\":\"search_term_string\"}}],\"inLanguage\":\"fr-FR\"},{\"@type\":\"Organization\",\"@id\":\"https:\/\/www.lemoulinafromages.fr\/#organization\",\"name\":\"Le Moulin \u00e0 Fromages vous souhaite la Bienvenue\",\"url\":\"https:\/\/www.lemoulinafromages.fr\/\",\"logo\":{\"@type\":\"ImageObject\",\"inLanguage\":\"fr-FR\",\"@id\":\"https:\/\/www.lemoulinafromages.fr\/#\/schema\/logo\/image\/\",\"url\":\"https:\/\/www.lemoulinafromages.fr\/wp-content\/uploads\/2020\/05\/logo_rond.png\",\"contentUrl\":\"https:\/\/www.lemoulinafromages.fr\/wp-content\/uploads\/2020\/05\/logo_rond.png\",\"width\":630,\"height\":515,\"caption\":\"Le Moulin \u00e0 Fromages vous souhaite la Bienvenue\"},\"image\":{\"@id\":\"https:\/\/www.lemoulinafromages.fr\/#\/schema\/logo\/image\/\"}}]}<\/script>\n<!-- \/ Yoast SEO plugin. -->","yoast_head_json":{"title":"MOLITERNO \u00e0 la truffe - Le Moulin \u00e0 Fromages vous souhaite la Bienvenue","robots":{"index":"index","follow":"follow","max-snippet":"max-snippet:-1","max-image-preview":"max-image-preview:large","max-video-preview":"max-video-preview:-1"},"canonical":"https:\/\/www.lemoulinafromages.fr\/index.php\/produit\/moliterno-a-la-truffe\/","og_locale":"fr_FR","og_type":"article","og_title":"MOLITERNO \u00e0 la truffe - Le Moulin \u00e0 Fromages vous souhaite la Bienvenue","og_description":"Fromage de brebis pecorino avec des \u00e9clats de truffes, saveur de truffes riche et longue en","og_url":"https:\/\/www.lemoulinafromages.fr\/index.php\/produit\/moliterno-a-la-truffe\/","og_site_name":"Le Moulin \u00e0 Fromages vous souhaite la Bienvenue","article_modified_time":"2020-06-11T13:39:37+00:00","og_image":[{"width":226,"height":220,"url":"https:\/\/www.lemoulinafromages.fr\/wp-content\/uploads\/2020\/05\/OIPPKIWUP7I.jpg","type":"image\/jpeg"}],"twitter_card":"summary_large_image","schema":{"@context":"https:\/\/schema.org","@graph":[{"@type":"WebPage","@id":"https:\/\/www.lemoulinafromages.fr\/index.php\/produit\/moliterno-a-la-truffe\/","url":"https:\/\/www.lemoulinafromages.fr\/index.php\/produit\/moliterno-a-la-truffe\/","name":"MOLITERNO \u00e0 la truffe - Le Moulin \u00e0 Fromages vous souhaite la Bienvenue","isPartOf":{"@id":"https:\/\/www.lemoulinafromages.fr\/#website"},"primaryImageOfPage":{"@id":"https:\/\/www.lemoulinafromages.fr\/index.php\/produit\/moliterno-a-la-truffe\/#primaryimage"},"image":{"@id":"https:\/\/www.lemoulinafromages.fr\/index.php\/produit\/moliterno-a-la-truffe\/#primaryimage"},"thumbnailUrl":"https:\/\/www.lemoulinafromages.fr\/wp-content\/uploads\/2020\/05\/OIPPKIWUP7I.jpg","datePublished":"2020-05-18T17:18:59+00:00","dateModified":"2020-06-11T13:39:37+00:00","breadcrumb":{"@id":"https:\/\/www.lemoulinafromages.fr\/index.php\/produit\/moliterno-a-la-truffe\/#breadcrumb"},"inLanguage":"fr-FR","potentialAction":[{"@type":"ReadAction","target":["https:\/\/www.lemoulinafromages.fr\/index.php\/produit\/moliterno-a-la-truffe\/"]}]},{"@type":"ImageObject","inLanguage":"fr-FR","@id":"https:\/\/www.lemoulinafromages.fr\/index.php\/produit\/moliterno-a-la-truffe\/#primaryimage","url":"https:\/\/www.lemoulinafromages.fr\/wp-content\/uploads\/2020\/05\/OIPPKIWUP7I.jpg","contentUrl":"https:\/\/www.lemoulinafromages.fr\/wp-content\/uploads\/2020\/05\/OIPPKIWUP7I.jpg","width":226,"height":220},{"@type":"BreadcrumbList","@id":"https:\/\/www.lemoulinafromages.fr\/index.php\/produit\/moliterno-a-la-truffe\/#breadcrumb","itemListElement":[{"@type":"ListItem","position":1,"name":"Accueil","item":"https:\/\/www.lemoulinafromages.fr\/"},{"@type":"ListItem","position":2,"name":"Commande en ligne","item":"https:\/\/www.lemoulinafromages.fr\/index.php\/boutique\/"},{"@type":"ListItem","position":3,"name":"Fromages","item":"https:\/\/www.lemoulinafromages.fr\/index.php\/categorie-produit\/fromages\/"},{"@type":"ListItem","position":4,"name":"LAIT DE BREBIS","item":"https:\/\/www.lemoulinafromages.fr\/index.php\/categorie-produit\/fromages\/lait-de-brebis\/"},{"@type":"ListItem","position":5,"name":"ORIGINE ITALIE","item":"https:\/\/www.lemoulinafromages.fr\/index.php\/categorie-produit\/fromages\/lait-de-brebis\/origine-italie-lait-de-brebis\/"},{"@type":"ListItem","position":6,"name":"MOLITERNO \u00e0 la truffe"}]},{"@type":"WebSite","@id":"https:\/\/www.lemoulinafromages.fr\/#website","url":"https:\/\/www.lemoulinafromages.fr\/","name":"Le Moulin \u00e0 Fromages vous souhaite la Bienvenue","description":"","publisher":{"@id":"https:\/\/www.lemoulinafromages.fr\/#organization"},"potentialAction":[{"@type":"SearchAction","target":{"@type":"EntryPoint","urlTemplate":"https:\/\/www.lemoulinafromages.fr\/?s={search_term_string}"},"query-input":{"@type":"PropertyValueSpecification","valueRequired":true,"valueName":"search_term_string"}}],"inLanguage":"fr-FR"},{"@type":"Organization","@id":"https:\/\/www.lemoulinafromages.fr\/#organization","name":"Le Moulin \u00e0 Fromages vous souhaite la Bienvenue","url":"https:\/\/www.lemoulinafromages.fr\/","logo":{"@type":"ImageObject","inLanguage":"fr-FR","@id":"https:\/\/www.lemoulinafromages.fr\/#\/schema\/logo\/image\/","url":"https:\/\/www.lemoulinafromages.fr\/wp-content\/uploads\/2020\/05\/logo_rond.png","contentUrl":"https:\/\/www.lemoulinafromages.fr\/wp-content\/uploads\/2020\/05\/logo_rond.png","width":630,"height":515,"caption":"Le Moulin \u00e0 Fromages vous souhaite la Bienvenue"},"image":{"@id":"https:\/\/www.lemoulinafromages.fr\/#\/schema\/logo\/image\/"}}]}},"jetpack_sharing_enabled":true,"_links":{"self":[{"href":"https:\/\/www.lemoulinafromages.fr\/index.php\/wp-json\/wp\/v2\/product\/785","targetHints":{"allow":["GET"]}}],"collection":[{"href":"https:\/\/www.lemoulinafromages.fr\/index.php\/wp-json\/wp\/v2\/product"}],"about":[{"href":"https:\/\/www.lemoulinafromages.fr\/index.php\/wp-json\/wp\/v2\/types\/product"}],"wp:featuredmedia":[{"embeddable":true,"href":"https:\/\/www.lemoulinafromages.fr\/index.php\/wp-json\/wp\/v2\/media\/919"}],"wp:attachment":[{"href":"https:\/\/www.lemoulinafromages.fr\/index.php\/wp-json\/wp\/v2\/media?parent=785"}],"wp:term":[{"taxonomy":"product_brand","embeddable":true,"href":"https:\/\/www.lemoulinafromages.fr\/index.php\/wp-json\/wp\/v2\/product_brand?post=785"},{"taxonomy":"product_cat","embeddable":true,"href":"https:\/\/www.lemoulinafromages.fr\/index.php\/wp-json\/wp\/v2\/product_cat?post=785"},{"taxonomy":"product_tag","embeddable":true,"href":"https:\/\/www.lemoulinafromages.fr\/index.php\/wp-json\/wp\/v2\/product_tag?post=785"}],"curies":[{"name":"wp","href":"https:\/\/api.w.org\/{rel}","templated":true}]}}