{"id":30,"date":"2020-03-13T22:48:40","date_gmt":"2020-03-13T21:48:40","guid":{"rendered":"https:\/\/www.lemoulinafromages.fr\/?page_id=30"},"modified":"2024-05-22T11:23:10","modified_gmt":"2024-05-22T09:23:10","slug":"accueil","status":"publish","type":"page","link":"https:\/\/www.lemoulinafromages.fr\/","title":{"rendered":"Le Moulin \u00e0 Fromages vous souhaite la bienvenue"},"content":{"rendered":"\n\t\t\t\t<img loading=\"lazy\" decoding=\"async\" src=\"https:\/\/www.lemoulinafromages.fr\/wp-content\/uploads\/2020\/05\/10156354902932340.jpeg\" alt=\"10156354902932340\" itemprop=\"image\" height=\"1152\" width=\"768\" title=\"10156354902932340\" onerror=\"this.style.display='none'\"  \/>\n\t<p>Le Moulin \u00e0 Fromages sur le march\u00e9 municipal de Piraillan propose depuis 20 ans des fromages fermiers au lait cru d&rsquo;exception, rigoureusement s\u00e9lectionn\u00e9s.<\/p>\n<br \/>\nNous travaillons avec les meilleurs producteurs pour chaque type de fromage dans toutes les r\u00e9gions de France mais aussi en Italie et en Suisse.<br \/>\n\n<p>&nbsp;<\/p>\n<p>Ils nous garantissent un savoir faire traditionnel et un affinage particulier afin de produire des fromages aux qualit\u00e9s gustatives exceptionnelles dans des conditions sanitaires optimales.<\/p>\n\t<p>Nous vous proposons \u00e9galement des produits laitiers, des glaces fermi\u00e8res au lait de brebis du Pays basque, des p\u00e2tes fra\u00eeches artisanales italiennes, de la mozzarella di bufala, de la burrata, de l&rsquo;huile d&rsquo;olive, du vinaigre balsamique, des confitures artisanales des Pyr\u00e9n\u00e9es, des miels des Pyr\u00e9n\u00e9es, des meringues suisses avec la double cr\u00e8me, des fontainebleau et de la chantilly maison.<\/p>\n\n\t\t\t\t<img loading=\"lazy\" decoding=\"async\" src=\"https:\/\/www.lemoulinafromages.fr\/wp-content\/uploads\/2020\/06\/FB_IMG_1591047988556.jpg\" alt=\"FB_IMG_1591047988556\" itemprop=\"image\" height=\"1050\" width=\"700\" title=\"FB_IMG_1591047988556\" onerror=\"this.style.display='none'\"  \/>\n\t\t\t\t<img loading=\"lazy\" decoding=\"async\" src=\"https:\/\/www.lemoulinafromages.fr\/wp-content\/uploads\/2020\/06\/photo-bearn.jpg\" alt=\"photo bearn\" itemprop=\"image\" height=\"800\" width=\"800\" title=\"photo bearn\" onerror=\"this.style.display='none'\"  \/>\n\t<p>A partir de cette ann\u00e9e Le Moulin \u00e0 Fromages vous propose la possibilit\u00e9 de commander sur le site pour un retrait sur place ou une livraison \u00e0 votre domicile sur la commune de L\u00e8ge Cap Ferret.<\/p>\n<p>Bonne visite sur notre site Le Moulin \u00e0 Fromages<\/p>\n\t\t\t\t<img loading=\"lazy\" decoding=\"async\" src=\"https:\/\/www.lemoulinafromages.fr\/wp-content\/uploads\/2020\/05\/PHOTO-1-1024x768.jpg\" alt=\"PHOTO 1\" itemprop=\"image\" height=\"632\" width=\"843\" title=\"PHOTO 1\" onerror=\"this.style.display='none'\"  \/>\n\t\t\t\t<img loading=\"lazy\" decoding=\"async\" src=\"https:\/\/www.lemoulinafromages.fr\/wp-content\/uploads\/2020\/05\/istockphoto-504484547-612x612-1.jpg\" alt=\"Fresh caprifeuille cheese and a slice\" itemprop=\"image\" height=\"408\" width=\"612\" title=\"Fresh caprifeuille cheese and a slice\" onerror=\"this.style.display='none'\"  \/>\n","protected":false},"excerpt":{"rendered":"<p>Le Moulin \u00e0 Fromages sur le march\u00e9 municipal de Piraillan propose depuis 20 ans des fromages fermiers au lait cru d&rsquo;exception, rigoureusement s\u00e9lectionn\u00e9s. Nous travaillons&hellip;<\/p>\n","protected":false},"author":1,"featured_media":666,"parent":0,"menu_order":0,"comment_status":"closed","ping_status":"closed","template":"","meta":{"footnotes":""},"class_list":["post-30","page","type-page","status-publish","has-post-thumbnail","hentry"],"yoast_head":"<!-- This site is optimized with the Yoast SEO plugin v25.6 - https:\/\/yoast.com\/wordpress\/plugins\/seo\/ -->\n<title>Le Moulin \u00e0 Fromages vous souhaite la bienvenue - Le Moulin \u00e0 Fromages vous souhaite la Bienvenue<\/title>\n<meta name=\"description\" content=\"Le Moulin \u00e0 Fromages sur le march\u00e9 de Piraillan propose des fromages fermiers rigoureusement s\u00e9lectionn\u00e9s aux qualit\u00e9s gustatives exceptionnelles.\" \/>\n<meta name=\"robots\" content=\"index, follow, max-snippet:-1, max-image-preview:large, max-video-preview:-1\" \/>\n<link rel=\"canonical\" href=\"https:\/\/www.lemoulinafromages.fr\/\" \/>\n<meta property=\"og:locale\" content=\"fr_FR\" \/>\n<meta property=\"og:type\" content=\"article\" \/>\n<meta property=\"og:title\" content=\"Le Moulin \u00e0 Fromages vous souhaite la bienvenue - Le Moulin \u00e0 Fromages vous souhaite la Bienvenue\" \/>\n<meta property=\"og:description\" content=\"Le Moulin \u00e0 Fromages sur le march\u00e9 de Piraillan propose des fromages fermiers rigoureusement s\u00e9lectionn\u00e9s aux qualit\u00e9s gustatives exceptionnelles.\" \/>\n<meta property=\"og:url\" content=\"https:\/\/www.lemoulinafromages.fr\/\" \/>\n<meta property=\"og:site_name\" content=\"Le Moulin \u00e0 Fromages vous souhaite la Bienvenue\" \/>\n<meta property=\"article:modified_time\" content=\"2024-05-22T09:23:10+00:00\" \/>\n<meta property=\"og:image\" content=\"https:\/\/www.lemoulinafromages.fr\/wp-content\/uploads\/2020\/05\/Pate_OursRecadre.jpg\" \/>\n\t<meta property=\"og:image:width\" content=\"1365\" \/>\n\t<meta property=\"og:image:height\" content=\"1423\" \/>\n\t<meta property=\"og:image:type\" content=\"image\/jpeg\" \/>\n<meta name=\"twitter:card\" content=\"summary_large_image\" \/>\n<meta name=\"twitter:label1\" content=\"Dur\u00e9e de lecture estim\u00e9e\" \/>\n\t<meta name=\"twitter:data1\" content=\"1 minute\" \/>\n<script type=\"application\/ld+json\" class=\"yoast-schema-graph\">{\"@context\":\"https:\/\/schema.org\",\"@graph\":[{\"@type\":\"WebPage\",\"@id\":\"https:\/\/www.lemoulinafromages.fr\/\",\"url\":\"https:\/\/www.lemoulinafromages.fr\/\",\"name\":\"Le Moulin \u00e0 Fromages vous souhaite la bienvenue - Le Moulin \u00e0 Fromages vous souhaite la Bienvenue\",\"isPartOf\":{\"@id\":\"https:\/\/www.lemoulinafromages.fr\/#website\"},\"primaryImageOfPage\":{\"@id\":\"https:\/\/www.lemoulinafromages.fr\/#primaryimage\"},\"image\":{\"@id\":\"https:\/\/www.lemoulinafromages.fr\/#primaryimage\"},\"thumbnailUrl\":\"https:\/\/www.lemoulinafromages.fr\/wp-content\/uploads\/2020\/05\/Pate_OursRecadre.jpg\",\"datePublished\":\"2020-03-13T21:48:40+00:00\",\"dateModified\":\"2024-05-22T09:23:10+00:00\",\"description\":\"Le Moulin \u00e0 Fromages sur le march\u00e9 de Piraillan propose des fromages fermiers rigoureusement s\u00e9lectionn\u00e9s aux qualit\u00e9s gustatives exceptionnelles.\",\"breadcrumb\":{\"@id\":\"https:\/\/www.lemoulinafromages.fr\/#breadcrumb\"},\"inLanguage\":\"fr-FR\",\"potentialAction\":[{\"@type\":\"ReadAction\",\"target\":[\"https:\/\/www.lemoulinafromages.fr\/\"]}]},{\"@type\":\"ImageObject\",\"inLanguage\":\"fr-FR\",\"@id\":\"https:\/\/www.lemoulinafromages.fr\/#primaryimage\",\"url\":\"https:\/\/www.lemoulinafromages.fr\/wp-content\/uploads\/2020\/05\/Pate_OursRecadre.jpg\",\"contentUrl\":\"https:\/\/www.lemoulinafromages.fr\/wp-content\/uploads\/2020\/05\/Pate_OursRecadre.jpg\",\"width\":1365,\"height\":1423},{\"@type\":\"BreadcrumbList\",\"@id\":\"https:\/\/www.lemoulinafromages.fr\/#breadcrumb\",\"itemListElement\":[{\"@type\":\"ListItem\",\"position\":1,\"name\":\"Accueil\",\"item\":\"https:\/\/www.lemoulinafromages.fr\/\"},{\"@type\":\"ListItem\",\"position\":2,\"name\":\"Le Moulin \u00e0 Fromages vous souhaite la bienvenue\"}]},{\"@type\":\"WebSite\",\"@id\":\"https:\/\/www.lemoulinafromages.fr\/#website\",\"url\":\"https:\/\/www.lemoulinafromages.fr\/\",\"name\":\"Le Moulin \u00e0 Fromages vous souhaite la Bienvenue\",\"description\":\"\",\"publisher\":{\"@id\":\"https:\/\/www.lemoulinafromages.fr\/#organization\"},\"potentialAction\":[{\"@type\":\"SearchAction\",\"target\":{\"@type\":\"EntryPoint\",\"urlTemplate\":\"https:\/\/www.lemoulinafromages.fr\/?s={search_term_string}\"},\"query-input\":{\"@type\":\"PropertyValueSpecification\",\"valueRequired\":true,\"valueName\":\"search_term_string\"}}],\"inLanguage\":\"fr-FR\"},{\"@type\":\"Organization\",\"@id\":\"https:\/\/www.lemoulinafromages.fr\/#organization\",\"name\":\"Le Moulin \u00e0 Fromages vous souhaite la Bienvenue\",\"url\":\"https:\/\/www.lemoulinafromages.fr\/\",\"logo\":{\"@type\":\"ImageObject\",\"inLanguage\":\"fr-FR\",\"@id\":\"https:\/\/www.lemoulinafromages.fr\/#\/schema\/logo\/image\/\",\"url\":\"https:\/\/www.lemoulinafromages.fr\/wp-content\/uploads\/2020\/05\/logo_rond.png\",\"contentUrl\":\"https:\/\/www.lemoulinafromages.fr\/wp-content\/uploads\/2020\/05\/logo_rond.png\",\"width\":630,\"height\":515,\"caption\":\"Le Moulin \u00e0 Fromages vous souhaite la Bienvenue\"},\"image\":{\"@id\":\"https:\/\/www.lemoulinafromages.fr\/#\/schema\/logo\/image\/\"}}]}<\/script>\n<!-- \/ Yoast SEO plugin. -->","yoast_head_json":{"title":"Le Moulin \u00e0 Fromages vous souhaite la bienvenue - Le Moulin \u00e0 Fromages vous souhaite la Bienvenue","description":"Le Moulin \u00e0 Fromages sur le march\u00e9 de Piraillan propose des fromages fermiers rigoureusement s\u00e9lectionn\u00e9s aux qualit\u00e9s gustatives exceptionnelles.","robots":{"index":"index","follow":"follow","max-snippet":"max-snippet:-1","max-image-preview":"max-image-preview:large","max-video-preview":"max-video-preview:-1"},"canonical":"https:\/\/www.lemoulinafromages.fr\/","og_locale":"fr_FR","og_type":"article","og_title":"Le Moulin \u00e0 Fromages vous souhaite la bienvenue - Le Moulin \u00e0 Fromages vous souhaite la Bienvenue","og_description":"Le Moulin \u00e0 Fromages sur le march\u00e9 de Piraillan propose des fromages fermiers rigoureusement s\u00e9lectionn\u00e9s aux qualit\u00e9s gustatives exceptionnelles.","og_url":"https:\/\/www.lemoulinafromages.fr\/","og_site_name":"Le Moulin \u00e0 Fromages vous souhaite la Bienvenue","article_modified_time":"2024-05-22T09:23:10+00:00","og_image":[{"width":1365,"height":1423,"url":"https:\/\/www.lemoulinafromages.fr\/wp-content\/uploads\/2020\/05\/Pate_OursRecadre.jpg","type":"image\/jpeg"}],"twitter_card":"summary_large_image","twitter_misc":{"Dur\u00e9e de lecture estim\u00e9e":"1 minute"},"schema":{"@context":"https:\/\/schema.org","@graph":[{"@type":"WebPage","@id":"https:\/\/www.lemoulinafromages.fr\/","url":"https:\/\/www.lemoulinafromages.fr\/","name":"Le Moulin \u00e0 Fromages vous souhaite la bienvenue - Le Moulin \u00e0 Fromages vous souhaite la Bienvenue","isPartOf":{"@id":"https:\/\/www.lemoulinafromages.fr\/#website"},"primaryImageOfPage":{"@id":"https:\/\/www.lemoulinafromages.fr\/#primaryimage"},"image":{"@id":"https:\/\/www.lemoulinafromages.fr\/#primaryimage"},"thumbnailUrl":"https:\/\/www.lemoulinafromages.fr\/wp-content\/uploads\/2020\/05\/Pate_OursRecadre.jpg","datePublished":"2020-03-13T21:48:40+00:00","dateModified":"2024-05-22T09:23:10+00:00","description":"Le Moulin \u00e0 Fromages sur le march\u00e9 de Piraillan propose des fromages fermiers rigoureusement s\u00e9lectionn\u00e9s aux qualit\u00e9s gustatives exceptionnelles.","breadcrumb":{"@id":"https:\/\/www.lemoulinafromages.fr\/#breadcrumb"},"inLanguage":"fr-FR","potentialAction":[{"@type":"ReadAction","target":["https:\/\/www.lemoulinafromages.fr\/"]}]},{"@type":"ImageObject","inLanguage":"fr-FR","@id":"https:\/\/www.lemoulinafromages.fr\/#primaryimage","url":"https:\/\/www.lemoulinafromages.fr\/wp-content\/uploads\/2020\/05\/Pate_OursRecadre.jpg","contentUrl":"https:\/\/www.lemoulinafromages.fr\/wp-content\/uploads\/2020\/05\/Pate_OursRecadre.jpg","width":1365,"height":1423},{"@type":"BreadcrumbList","@id":"https:\/\/www.lemoulinafromages.fr\/#breadcrumb","itemListElement":[{"@type":"ListItem","position":1,"name":"Accueil","item":"https:\/\/www.lemoulinafromages.fr\/"},{"@type":"ListItem","position":2,"name":"Le Moulin \u00e0 Fromages vous souhaite la bienvenue"}]},{"@type":"WebSite","@id":"https:\/\/www.lemoulinafromages.fr\/#website","url":"https:\/\/www.lemoulinafromages.fr\/","name":"Le Moulin \u00e0 Fromages vous souhaite la Bienvenue","description":"","publisher":{"@id":"https:\/\/www.lemoulinafromages.fr\/#organization"},"potentialAction":[{"@type":"SearchAction","target":{"@type":"EntryPoint","urlTemplate":"https:\/\/www.lemoulinafromages.fr\/?s={search_term_string}"},"query-input":{"@type":"PropertyValueSpecification","valueRequired":true,"valueName":"search_term_string"}}],"inLanguage":"fr-FR"},{"@type":"Organization","@id":"https:\/\/www.lemoulinafromages.fr\/#organization","name":"Le Moulin \u00e0 Fromages vous souhaite la Bienvenue","url":"https:\/\/www.lemoulinafromages.fr\/","logo":{"@type":"ImageObject","inLanguage":"fr-FR","@id":"https:\/\/www.lemoulinafromages.fr\/#\/schema\/logo\/image\/","url":"https:\/\/www.lemoulinafromages.fr\/wp-content\/uploads\/2020\/05\/logo_rond.png","contentUrl":"https:\/\/www.lemoulinafromages.fr\/wp-content\/uploads\/2020\/05\/logo_rond.png","width":630,"height":515,"caption":"Le Moulin \u00e0 Fromages vous souhaite la Bienvenue"},"image":{"@id":"https:\/\/www.lemoulinafromages.fr\/#\/schema\/logo\/image\/"}}]}},"jetpack_sharing_enabled":true,"_links":{"self":[{"href":"https:\/\/www.lemoulinafromages.fr\/index.php\/wp-json\/wp\/v2\/pages\/30","targetHints":{"allow":["GET"]}}],"collection":[{"href":"https:\/\/www.lemoulinafromages.fr\/index.php\/wp-json\/wp\/v2\/pages"}],"about":[{"href":"https:\/\/www.lemoulinafromages.fr\/index.php\/wp-json\/wp\/v2\/types\/page"}],"author":[{"embeddable":true,"href":"https:\/\/www.lemoulinafromages.fr\/index.php\/wp-json\/wp\/v2\/users\/1"}],"replies":[{"embeddable":true,"href":"https:\/\/www.lemoulinafromages.fr\/index.php\/wp-json\/wp\/v2\/comments?post=30"}],"version-history":[{"count":29,"href":"https:\/\/www.lemoulinafromages.fr\/index.php\/wp-json\/wp\/v2\/pages\/30\/revisions"}],"predecessor-version":[{"id":1363,"href":"https:\/\/www.lemoulinafromages.fr\/index.php\/wp-json\/wp\/v2\/pages\/30\/revisions\/1363"}],"wp:featuredmedia":[{"embeddable":true,"href":"https:\/\/www.lemoulinafromages.fr\/index.php\/wp-json\/wp\/v2\/media\/666"}],"wp:attachment":[{"href":"https:\/\/www.lemoulinafromages.fr\/index.php\/wp-json\/wp\/v2\/media?parent=30"}],"curies":[{"name":"wp","href":"https:\/\/api.w.org\/{rel}","templated":true}]}}